{"id":58,"date":"2023-04-25T20:32:54","date_gmt":"2023-04-25T20:32:54","guid":{"rendered":"https:\/\/tolkayme.org\/?page_id=58"},"modified":"2023-07-11T01:14:01","modified_gmt":"2023-07-11T01:14:01","slug":"blog","status":"publish","type":"page","link":"https:\/\/tolkayme.org\/index.php\/blog\/","title":{"rendered":"Blog"},"content":{"rendered":"\t\t<div data-elementor-type=\"wp-page\" data-elementor-id=\"58\" class=\"elementor elementor-58\" data-elementor-post-type=\"page\">\n\t\t\t\t\t\t<section class=\"elementor-section elementor-top-section elementor-element elementor-element-f1cd9b4 elementor-hidden-mobile elementor-section-boxed elementor-section-height-default elementor-section-height-default\" data-id=\"f1cd9b4\" data-element_type=\"section\" data-settings=\"{&quot;jet_parallax_layout_list&quot;:[],&quot;background_background&quot;:&quot;classic&quot;,&quot;background_motion_fx_motion_fx_scrolling&quot;:&quot;yes&quot;,&quot;background_motion_fx_translateY_effect&quot;:&quot;yes&quot;,&quot;background_motion_fx_translateY_speed&quot;:{&quot;unit&quot;:&quot;px&quot;,&quot;size&quot;:4.5,&quot;sizes&quot;:[]},&quot;background_motion_fx_translateY_affectedRange&quot;:{&quot;unit&quot;:&quot;%&quot;,&quot;size&quot;:&quot;&quot;,&quot;sizes&quot;:{&quot;start&quot;:0,&quot;end&quot;:100}},&quot;background_motion_fx_devices&quot;:[&quot;desktop&quot;,&quot;tablet&quot;,&quot;mobile&quot;]}\">\n\t\t\t\t\t\t\t<div class=\"elementor-background-overlay\"><\/div>\n\t\t\t\t\t\t\t<div class=\"elementor-container elementor-column-gap-default\">\n\t\t\t\t\t<div class=\"elementor-column elementor-col-100 elementor-top-column elementor-element elementor-element-470d0c6\" data-id=\"470d0c6\" data-element_type=\"column\">\n\t\t\t<div class=\"elementor-widget-wrap elementor-element-populated\">\n\t\t\t\t\t\t<div class=\"elementor-element elementor-element-b3f112f elementor-widget elementor-widget-heading\" data-id=\"b3f112f\" data-element_type=\"widget\" data-widget_type=\"heading.default\">\n\t\t\t\t<div class=\"elementor-widget-container\">\n\t\t\t<style>\/*! elementor - v3.20.0 - 13-03-2024 *\/\n.elementor-heading-title{padding:0;margin:0;line-height:1}.elementor-widget-heading .elementor-heading-title[class*=elementor-size-]>a{color:inherit;font-size:inherit;line-height:inherit}.elementor-widget-heading .elementor-heading-title.elementor-size-small{font-size:15px}.elementor-widget-heading .elementor-heading-title.elementor-size-medium{font-size:19px}.elementor-widget-heading .elementor-heading-title.elementor-size-large{font-size:29px}.elementor-widget-heading .elementor-heading-title.elementor-size-xl{font-size:39px}.elementor-widget-heading .elementor-heading-title.elementor-size-xxl{font-size:59px}<\/style><h2 class=\"elementor-heading-title elementor-size-default\">Blog<\/h2>\t\t<\/div>\n\t\t\t\t<\/div>\n\t\t\t\t<div class=\"elementor-element elementor-element-ba021a6 elementor-grid-3 elementor-grid-tablet-2 elementor-grid-mobile-1 elementor-posts--thumbnail-top elementor-widget elementor-widget-posts\" data-id=\"ba021a6\" data-element_type=\"widget\" data-settings=\"{&quot;classic_columns&quot;:&quot;3&quot;,&quot;classic_columns_tablet&quot;:&quot;2&quot;,&quot;classic_columns_mobile&quot;:&quot;1&quot;,&quot;classic_row_gap&quot;:{&quot;unit&quot;:&quot;px&quot;,&quot;size&quot;:35,&quot;sizes&quot;:[]},&quot;classic_row_gap_tablet&quot;:{&quot;unit&quot;:&quot;px&quot;,&quot;size&quot;:&quot;&quot;,&quot;sizes&quot;:[]},&quot;classic_row_gap_mobile&quot;:{&quot;unit&quot;:&quot;px&quot;,&quot;size&quot;:&quot;&quot;,&quot;sizes&quot;:[]}}\" data-widget_type=\"posts.classic\">\n\t\t\t\t<div class=\"elementor-widget-container\">\n\t\t\t<link rel=\"stylesheet\" href=\"https:\/\/tolkayme.org\/wp-content\/plugins\/elementor-pro\/assets\/css\/widget-posts.min.css\">\t\t<div class=\"elementor-posts-container elementor-posts elementor-posts--skin-classic elementor-grid\">\n\t\t\t\t<article class=\"elementor-post elementor-grid-item post-1584 post type-post status-publish format-standard has-post-thumbnail hentry category-trabajo-personal\">\n\t\t\t\t<a class=\"elementor-post__thumbnail__link\" href=\"https:\/\/tolkayme.org\/index.php\/2023\/07\/12\/sanacion-del-linaje\/\" tabindex=\"-1\" >\n\t\t\t<div class=\"elementor-post__thumbnail\"><img fetchpriority=\"high\" decoding=\"async\" width=\"188\" height=\"300\" src=\"https:\/\/tolkayme.org\/wp-content\/uploads\/2023\/07\/WhatsApp-Image-2023-07-12-at-00.39.46-188x300.jpeg\" class=\"attachment-medium size-medium wp-image-1585\" alt=\"\" srcset=\"https:\/\/tolkayme.org\/wp-content\/uploads\/2023\/07\/WhatsApp-Image-2023-07-12-at-00.39.46-188x300.jpeg 188w, https:\/\/tolkayme.org\/wp-content\/uploads\/2023\/07\/WhatsApp-Image-2023-07-12-at-00.39.46-640x1024.jpeg 640w, https:\/\/tolkayme.org\/wp-content\/uploads\/2023\/07\/WhatsApp-Image-2023-07-12-at-00.39.46-768x1229.jpeg 768w, https:\/\/tolkayme.org\/wp-content\/uploads\/2023\/07\/WhatsApp-Image-2023-07-12-at-00.39.46.jpeg 800w\" sizes=\"(max-width: 188px) 100vw, 188px\" \/><\/div>\n\t\t<\/a>\n\t\t\t\t<div class=\"elementor-post__text\">\n\t\t\t\t<h3 class=\"elementor-post__title\">\n\t\t\t<a href=\"https:\/\/tolkayme.org\/index.php\/2023\/07\/12\/sanacion-del-linaje\/\" >\n\t\t\t\tSanaci\u00f3n del linaje\t\t\t<\/a>\n\t\t<\/h3>\n\t\t\t\t<div class=\"elementor-post__meta-data\">\n\t\t\t\t\t<span class=\"elementor-post-date\">\n\t\t\t12 de July de 2023\t\t<\/span>\n\t\t\t\t<span class=\"elementor-post-avatar\">\n\t\t\tNo Comments\t\t<\/span>\n\t\t\t\t<\/div>\n\t\t\t\t<div class=\"elementor-post__excerpt\">\n\t\t\t<p>Desde los 23 a\u00f1os, ya llevo 36, vengo trabajando el autoconocimiento a trav\u00e9s de diferentes t\u00e9cnicas de terapia y en complemento de la medicina alternativa,<\/p>\n\t\t<\/div>\n\t\t\n\t\t<a class=\"elementor-post__read-more\" href=\"https:\/\/tolkayme.org\/index.php\/2023\/07\/12\/sanacion-del-linaje\/\" aria-label=\"Read more about Sanaci\u00f3n del linaje\" tabindex=\"-1\" >\n\t\t\tLeer m\u00e1s \u00bb\t\t<\/a>\n\n\t\t\t\t<\/div>\n\t\t\t\t<\/article>\n\t\t\t\t<article class=\"elementor-post elementor-grid-item post-1533 post type-post status-publish format-standard has-post-thumbnail hentry category-trabajo-corporal\">\n\t\t\t\t<a class=\"elementor-post__thumbnail__link\" href=\"https:\/\/tolkayme.org\/index.php\/2023\/07\/10\/trabajo-corporal\/\" tabindex=\"-1\" >\n\t\t\t<div class=\"elementor-post__thumbnail\"><img decoding=\"async\" width=\"292\" height=\"300\" src=\"https:\/\/tolkayme.org\/wp-content\/uploads\/2023\/07\/virginia-1990x2048-1-292x300.jpg\" class=\"attachment-medium size-medium wp-image-1571\" alt=\"\" srcset=\"https:\/\/tolkayme.org\/wp-content\/uploads\/2023\/07\/virginia-1990x2048-1-292x300.jpg 292w, https:\/\/tolkayme.org\/wp-content\/uploads\/2023\/07\/virginia-1990x2048-1-995x1024.jpg 995w, https:\/\/tolkayme.org\/wp-content\/uploads\/2023\/07\/virginia-1990x2048-1-768x790.jpg 768w, https:\/\/tolkayme.org\/wp-content\/uploads\/2023\/07\/virginia-1990x2048-1-1493x1536.jpg 1493w, https:\/\/tolkayme.org\/wp-content\/uploads\/2023\/07\/virginia-1990x2048-1.jpg 1990w\" sizes=\"(max-width: 292px) 100vw, 292px\" \/><\/div>\n\t\t<\/a>\n\t\t\t\t<div class=\"elementor-post__text\">\n\t\t\t\t<h3 class=\"elementor-post__title\">\n\t\t\t<a href=\"https:\/\/tolkayme.org\/index.php\/2023\/07\/10\/trabajo-corporal\/\" >\n\t\t\t\tTrabajo Corporal\t\t\t<\/a>\n\t\t<\/h3>\n\t\t\t\t<div class=\"elementor-post__meta-data\">\n\t\t\t\t\t<span class=\"elementor-post-date\">\n\t\t\t10 de July de 2023\t\t<\/span>\n\t\t\t\t<span class=\"elementor-post-avatar\">\n\t\t\tNo Comments\t\t<\/span>\n\t\t\t\t<\/div>\n\t\t\t\t<div class=\"elementor-post__excerpt\">\n\t\t\t<p>El trabajo corporal&nbsp; es&nbsp; un camino que elijo para m\u00ed,&nbsp; es &nbsp;una forma de profundizar en mi proceso de &nbsp;autoconocimiento y crecimiento personal. Es la<\/p>\n\t\t<\/div>\n\t\t\n\t\t<a class=\"elementor-post__read-more\" href=\"https:\/\/tolkayme.org\/index.php\/2023\/07\/10\/trabajo-corporal\/\" aria-label=\"Read more about Trabajo Corporal\" tabindex=\"-1\" >\n\t\t\tLeer m\u00e1s \u00bb\t\t<\/a>\n\n\t\t\t\t<\/div>\n\t\t\t\t<\/article>\n\t\t\t\t<article class=\"elementor-post elementor-grid-item post-1 post type-post status-publish format-standard has-post-thumbnail hentry category-viajes\">\n\t\t\t\t<a class=\"elementor-post__thumbnail__link\" href=\"https:\/\/tolkayme.org\/index.php\/2023\/03\/10\/hola-mundo\/\" tabindex=\"-1\" >\n\t\t\t<div class=\"elementor-post__thumbnail\"><img decoding=\"async\" width=\"300\" height=\"281\" src=\"https:\/\/tolkayme.org\/wp-content\/uploads\/2023\/07\/Desarraigo-e1689020996957-300x281.jpeg\" class=\"attachment-medium size-medium wp-image-1570\" alt=\"\" srcset=\"https:\/\/tolkayme.org\/wp-content\/uploads\/2023\/07\/Desarraigo-e1689020996957-300x281.jpeg 300w, https:\/\/tolkayme.org\/wp-content\/uploads\/2023\/07\/Desarraigo-e1689020996957-1024x958.jpeg 1024w, https:\/\/tolkayme.org\/wp-content\/uploads\/2023\/07\/Desarraigo-e1689020996957-768x719.jpeg 768w, https:\/\/tolkayme.org\/wp-content\/uploads\/2023\/07\/Desarraigo-e1689020996957.jpeg 1077w\" sizes=\"(max-width: 300px) 100vw, 300px\" \/><\/div>\n\t\t<\/a>\n\t\t\t\t<div class=\"elementor-post__text\">\n\t\t\t\t<h3 class=\"elementor-post__title\">\n\t\t\t<a href=\"https:\/\/tolkayme.org\/index.php\/2023\/03\/10\/hola-mundo\/\" >\n\t\t\t\tNosotros, los viajeros desarraigados\t\t\t<\/a>\n\t\t<\/h3>\n\t\t\t\t<div class=\"elementor-post__meta-data\">\n\t\t\t\t\t<span class=\"elementor-post-date\">\n\t\t\t10 de March de 2023\t\t<\/span>\n\t\t\t\t<span class=\"elementor-post-avatar\">\n\t\t\tNo Comments\t\t<\/span>\n\t\t\t\t<\/div>\n\t\t\t\t<div class=\"elementor-post__excerpt\">\n\t\t\t<p>Nos llaman locos, n\u00f3mades, outsiders. Somos los incomprendidos, la mayor\u00eda no entiende por qu\u00e9 elegimos irnos\u2026 Rompemos estructuras, paradigmas, vamos en busca de nuevos rumbos<\/p>\n\t\t<\/div>\n\t\t\n\t\t<a class=\"elementor-post__read-more\" href=\"https:\/\/tolkayme.org\/index.php\/2023\/03\/10\/hola-mundo\/\" aria-label=\"Read more about Nosotros, los viajeros desarraigados\" tabindex=\"-1\" >\n\t\t\tLeer m\u00e1s \u00bb\t\t<\/a>\n\n\t\t\t\t<\/div>\n\t\t\t\t<\/article>\n\t\t\t\t<\/div>\n\t\t\n\t\t\t\t<\/div>\n\t\t\t\t<\/div>\n\t\t\t\t<div class=\"elementor-element elementor-element-de30f1e elementor-widget elementor-widget-wp-widget-categories\" data-id=\"de30f1e\" data-element_type=\"widget\" data-widget_type=\"wp-widget-categories.default\">\n\t\t\t\t<div class=\"elementor-widget-container\">\n\t\t\t<h5>Categories<\/h5><form action=\"https:\/\/tolkayme.org\" method=\"get\"><label class=\"screen-reader-text\" for=\"cat\">Categories<\/label><select  name='cat' id='cat' class='postform'>\n\t<option value='-1'>Select Category<\/option>\n\t<option class=\"level-0\" value=\"12\">Trabajo Corporal<\/option>\n\t<option class=\"level-0\" value=\"19\">Trabajo Personal<\/option>\n\t<option class=\"level-0\" value=\"14\">Viajes<\/option>\n<\/select>\n<\/form><script>\n(function() {\n\tvar dropdown = document.getElementById( \"cat\" );\n\tfunction onCatChange() {\n\t\tif ( dropdown.options[ dropdown.selectedIndex ].value > 0 ) {\n\t\t\tdropdown.parentNode.submit();\n\t\t}\n\t}\n\tdropdown.onchange = onCatChange;\n})();\n<\/script>\n\t\t<\/div>\n\t\t\t\t<\/div>\n\t\t\t\t\t<\/div>\n\t\t<\/div>\n\t\t\t\t\t<\/div>\n\t\t<\/section>\n\t\t\t\t<section class=\"elementor-section elementor-top-section elementor-element elementor-element-5bce490 elementor-hidden-desktop elementor-hidden-tablet elementor-section-boxed elementor-section-height-default elementor-section-height-default\" data-id=\"5bce490\" data-element_type=\"section\" data-settings=\"{&quot;jet_parallax_layout_list&quot;:[],&quot;background_background&quot;:&quot;classic&quot;,&quot;background_motion_fx_motion_fx_scrolling&quot;:&quot;yes&quot;,&quot;background_motion_fx_devices&quot;:[&quot;desktop&quot;,&quot;tablet&quot;,&quot;mobile&quot;]}\">\n\t\t\t\t\t\t\t<div class=\"elementor-background-overlay\"><\/div>\n\t\t\t\t\t\t\t<div class=\"elementor-container elementor-column-gap-default\">\n\t\t\t\t\t<div class=\"elementor-column elementor-col-100 elementor-top-column elementor-element elementor-element-3463f79\" data-id=\"3463f79\" data-element_type=\"column\">\n\t\t\t<div class=\"elementor-widget-wrap elementor-element-populated\">\n\t\t\t\t\t\t<div class=\"elementor-element elementor-element-bfaaf48 elementor-widget elementor-widget-image\" data-id=\"bfaaf48\" data-element_type=\"widget\" data-widget_type=\"image.default\">\n\t\t\t\t<div class=\"elementor-widget-container\">\n\t\t\t<style>\/*! elementor - v3.20.0 - 13-03-2024 *\/\n.elementor-widget-image{text-align:center}.elementor-widget-image a{display:inline-block}.elementor-widget-image a img[src$=\".svg\"]{width:48px}.elementor-widget-image img{vertical-align:middle;display:inline-block}<\/style>\t\t\t\t\t\t\t\t\t\t<img loading=\"lazy\" decoding=\"async\" width=\"800\" height=\"820\" src=\"https:\/\/tolkayme.org\/wp-content\/uploads\/2023\/04\/BLANCO-999x1024.png\" class=\"attachment-large size-large wp-image-46\" alt=\"\" srcset=\"https:\/\/tolkayme.org\/wp-content\/uploads\/2023\/04\/BLANCO-999x1024.png 999w, https:\/\/tolkayme.org\/wp-content\/uploads\/2023\/04\/BLANCO-293x300.png 293w, https:\/\/tolkayme.org\/wp-content\/uploads\/2023\/04\/BLANCO-768x787.png 768w, https:\/\/tolkayme.org\/wp-content\/uploads\/2023\/04\/BLANCO-1499x1536.png 1499w, https:\/\/tolkayme.org\/wp-content\/uploads\/2023\/04\/BLANCO-1998x2048.png 1998w\" sizes=\"(max-width: 800px) 100vw, 800px\" \/>\t\t\t\t\t\t\t\t\t\t\t\t\t<\/div>\n\t\t\t\t<\/div>\n\t\t\t\t<div class=\"elementor-element elementor-element-3fee0aa elementor-widget elementor-widget-heading\" data-id=\"3fee0aa\" data-element_type=\"widget\" data-widget_type=\"heading.default\">\n\t\t\t\t<div class=\"elementor-widget-container\">\n\t\t\t<h2 class=\"elementor-heading-title elementor-size-default\">Blog<\/h2>\t\t<\/div>\n\t\t\t\t<\/div>\n\t\t\t\t<div class=\"elementor-element elementor-element-889f710 elementor-grid-3 elementor-grid-tablet-2 elementor-grid-mobile-1 elementor-posts--thumbnail-top elementor-widget elementor-widget-posts\" data-id=\"889f710\" data-element_type=\"widget\" data-settings=\"{&quot;classic_columns&quot;:&quot;3&quot;,&quot;classic_columns_tablet&quot;:&quot;2&quot;,&quot;classic_columns_mobile&quot;:&quot;1&quot;,&quot;classic_row_gap&quot;:{&quot;unit&quot;:&quot;px&quot;,&quot;size&quot;:35,&quot;sizes&quot;:[]},&quot;classic_row_gap_tablet&quot;:{&quot;unit&quot;:&quot;px&quot;,&quot;size&quot;:&quot;&quot;,&quot;sizes&quot;:[]},&quot;classic_row_gap_mobile&quot;:{&quot;unit&quot;:&quot;px&quot;,&quot;size&quot;:&quot;&quot;,&quot;sizes&quot;:[]}}\" data-widget_type=\"posts.classic\">\n\t\t\t\t<div class=\"elementor-widget-container\">\n\t\t\t\t\t<div class=\"elementor-posts-container elementor-posts elementor-posts--skin-classic elementor-grid\">\n\t\t\t\t<article class=\"elementor-post elementor-grid-item post-1584 post type-post status-publish format-standard has-post-thumbnail hentry category-trabajo-personal\">\n\t\t\t\t<a class=\"elementor-post__thumbnail__link\" href=\"https:\/\/tolkayme.org\/index.php\/2023\/07\/12\/sanacion-del-linaje\/\" tabindex=\"-1\" >\n\t\t\t<div class=\"elementor-post__thumbnail\"><img fetchpriority=\"high\" decoding=\"async\" width=\"188\" height=\"300\" src=\"https:\/\/tolkayme.org\/wp-content\/uploads\/2023\/07\/WhatsApp-Image-2023-07-12-at-00.39.46-188x300.jpeg\" class=\"attachment-medium size-medium wp-image-1585\" alt=\"\" srcset=\"https:\/\/tolkayme.org\/wp-content\/uploads\/2023\/07\/WhatsApp-Image-2023-07-12-at-00.39.46-188x300.jpeg 188w, https:\/\/tolkayme.org\/wp-content\/uploads\/2023\/07\/WhatsApp-Image-2023-07-12-at-00.39.46-640x1024.jpeg 640w, https:\/\/tolkayme.org\/wp-content\/uploads\/2023\/07\/WhatsApp-Image-2023-07-12-at-00.39.46-768x1229.jpeg 768w, https:\/\/tolkayme.org\/wp-content\/uploads\/2023\/07\/WhatsApp-Image-2023-07-12-at-00.39.46.jpeg 800w\" sizes=\"(max-width: 188px) 100vw, 188px\" \/><\/div>\n\t\t<\/a>\n\t\t\t\t<div class=\"elementor-post__text\">\n\t\t\t\t<h3 class=\"elementor-post__title\">\n\t\t\t<a href=\"https:\/\/tolkayme.org\/index.php\/2023\/07\/12\/sanacion-del-linaje\/\" >\n\t\t\t\tSanaci\u00f3n del linaje\t\t\t<\/a>\n\t\t<\/h3>\n\t\t\t\t<div class=\"elementor-post__meta-data\">\n\t\t\t\t\t<span class=\"elementor-post-date\">\n\t\t\t12 de July de 2023\t\t<\/span>\n\t\t\t\t<span class=\"elementor-post-avatar\">\n\t\t\tNo Comments\t\t<\/span>\n\t\t\t\t<\/div>\n\t\t\t\t<div class=\"elementor-post__excerpt\">\n\t\t\t<p>Desde los 23 a\u00f1os, ya llevo 36, vengo trabajando el autoconocimiento a trav\u00e9s de diferentes t\u00e9cnicas de terapia y en complemento de la medicina alternativa,<\/p>\n\t\t<\/div>\n\t\t\n\t\t<a class=\"elementor-post__read-more\" href=\"https:\/\/tolkayme.org\/index.php\/2023\/07\/12\/sanacion-del-linaje\/\" aria-label=\"Read more about Sanaci\u00f3n del linaje\" tabindex=\"-1\" >\n\t\t\tLeer m\u00e1s \u00bb\t\t<\/a>\n\n\t\t\t\t<\/div>\n\t\t\t\t<\/article>\n\t\t\t\t<article class=\"elementor-post elementor-grid-item post-1533 post type-post status-publish format-standard has-post-thumbnail hentry category-trabajo-corporal\">\n\t\t\t\t<a class=\"elementor-post__thumbnail__link\" href=\"https:\/\/tolkayme.org\/index.php\/2023\/07\/10\/trabajo-corporal\/\" tabindex=\"-1\" >\n\t\t\t<div class=\"elementor-post__thumbnail\"><img decoding=\"async\" width=\"292\" height=\"300\" src=\"https:\/\/tolkayme.org\/wp-content\/uploads\/2023\/07\/virginia-1990x2048-1-292x300.jpg\" class=\"attachment-medium size-medium wp-image-1571\" alt=\"\" srcset=\"https:\/\/tolkayme.org\/wp-content\/uploads\/2023\/07\/virginia-1990x2048-1-292x300.jpg 292w, https:\/\/tolkayme.org\/wp-content\/uploads\/2023\/07\/virginia-1990x2048-1-995x1024.jpg 995w, https:\/\/tolkayme.org\/wp-content\/uploads\/2023\/07\/virginia-1990x2048-1-768x790.jpg 768w, https:\/\/tolkayme.org\/wp-content\/uploads\/2023\/07\/virginia-1990x2048-1-1493x1536.jpg 1493w, https:\/\/tolkayme.org\/wp-content\/uploads\/2023\/07\/virginia-1990x2048-1.jpg 1990w\" sizes=\"(max-width: 292px) 100vw, 292px\" \/><\/div>\n\t\t<\/a>\n\t\t\t\t<div class=\"elementor-post__text\">\n\t\t\t\t<h3 class=\"elementor-post__title\">\n\t\t\t<a href=\"https:\/\/tolkayme.org\/index.php\/2023\/07\/10\/trabajo-corporal\/\" >\n\t\t\t\tTrabajo Corporal\t\t\t<\/a>\n\t\t<\/h3>\n\t\t\t\t<div class=\"elementor-post__meta-data\">\n\t\t\t\t\t<span class=\"elementor-post-date\">\n\t\t\t10 de July de 2023\t\t<\/span>\n\t\t\t\t<span class=\"elementor-post-avatar\">\n\t\t\tNo Comments\t\t<\/span>\n\t\t\t\t<\/div>\n\t\t\t\t<div class=\"elementor-post__excerpt\">\n\t\t\t<p>El trabajo corporal&nbsp; es&nbsp; un camino que elijo para m\u00ed,&nbsp; es &nbsp;una forma de profundizar en mi proceso de &nbsp;autoconocimiento y crecimiento personal. Es la<\/p>\n\t\t<\/div>\n\t\t\n\t\t<a class=\"elementor-post__read-more\" href=\"https:\/\/tolkayme.org\/index.php\/2023\/07\/10\/trabajo-corporal\/\" aria-label=\"Read more about Trabajo Corporal\" tabindex=\"-1\" >\n\t\t\tLeer m\u00e1s \u00bb\t\t<\/a>\n\n\t\t\t\t<\/div>\n\t\t\t\t<\/article>\n\t\t\t\t<article class=\"elementor-post elementor-grid-item post-1 post type-post status-publish format-standard has-post-thumbnail hentry category-viajes\">\n\t\t\t\t<a class=\"elementor-post__thumbnail__link\" href=\"https:\/\/tolkayme.org\/index.php\/2023\/03\/10\/hola-mundo\/\" tabindex=\"-1\" >\n\t\t\t<div class=\"elementor-post__thumbnail\"><img decoding=\"async\" width=\"300\" height=\"281\" src=\"https:\/\/tolkayme.org\/wp-content\/uploads\/2023\/07\/Desarraigo-e1689020996957-300x281.jpeg\" class=\"attachment-medium size-medium wp-image-1570\" alt=\"\" srcset=\"https:\/\/tolkayme.org\/wp-content\/uploads\/2023\/07\/Desarraigo-e1689020996957-300x281.jpeg 300w, https:\/\/tolkayme.org\/wp-content\/uploads\/2023\/07\/Desarraigo-e1689020996957-1024x958.jpeg 1024w, https:\/\/tolkayme.org\/wp-content\/uploads\/2023\/07\/Desarraigo-e1689020996957-768x719.jpeg 768w, https:\/\/tolkayme.org\/wp-content\/uploads\/2023\/07\/Desarraigo-e1689020996957.jpeg 1077w\" sizes=\"(max-width: 300px) 100vw, 300px\" \/><\/div>\n\t\t<\/a>\n\t\t\t\t<div class=\"elementor-post__text\">\n\t\t\t\t<h3 class=\"elementor-post__title\">\n\t\t\t<a href=\"https:\/\/tolkayme.org\/index.php\/2023\/03\/10\/hola-mundo\/\" >\n\t\t\t\tNosotros, los viajeros desarraigados\t\t\t<\/a>\n\t\t<\/h3>\n\t\t\t\t<div class=\"elementor-post__meta-data\">\n\t\t\t\t\t<span class=\"elementor-post-date\">\n\t\t\t10 de March de 2023\t\t<\/span>\n\t\t\t\t<span class=\"elementor-post-avatar\">\n\t\t\tNo Comments\t\t<\/span>\n\t\t\t\t<\/div>\n\t\t\t\t<div class=\"elementor-post__excerpt\">\n\t\t\t<p>Nos llaman locos, n\u00f3mades, outsiders. Somos los incomprendidos, la mayor\u00eda no entiende por qu\u00e9 elegimos irnos\u2026 Rompemos estructuras, paradigmas, vamos en busca de nuevos rumbos<\/p>\n\t\t<\/div>\n\t\t\n\t\t<a class=\"elementor-post__read-more\" href=\"https:\/\/tolkayme.org\/index.php\/2023\/03\/10\/hola-mundo\/\" aria-label=\"Read more about Nosotros, los viajeros desarraigados\" tabindex=\"-1\" >\n\t\t\tLeer m\u00e1s \u00bb\t\t<\/a>\n\n\t\t\t\t<\/div>\n\t\t\t\t<\/article>\n\t\t\t\t<\/div>\n\t\t\n\t\t\t\t<\/div>\n\t\t\t\t<\/div>\n\t\t\t\t<div class=\"elementor-element elementor-element-a083e6f elementor-hidden-desktop elementor-hidden-tablet elementor-widget elementor-widget-wp-widget-categories\" data-id=\"a083e6f\" data-element_type=\"widget\" data-widget_type=\"wp-widget-categories.default\">\n\t\t\t\t<div class=\"elementor-widget-container\">\n\t\t\t<h5>Categories<\/h5><form action=\"https:\/\/tolkayme.org\" method=\"get\"><label class=\"screen-reader-text\" for=\"categories-dropdown-REPLACE_TO_ID\">Categories<\/label><select  name='cat' id='categories-dropdown-REPLACE_TO_ID' class='postform'>\n\t<option value='-1'>Select Category<\/option>\n\t<option class=\"level-0\" value=\"12\">Trabajo Corporal<\/option>\n\t<option class=\"level-0\" value=\"19\">Trabajo Personal<\/option>\n\t<option class=\"level-0\" value=\"14\">Viajes<\/option>\n<\/select>\n<\/form><script>\n(function() {\n\tvar dropdown = document.getElementById( \"categories-dropdown-REPLACE_TO_ID\" );\n\tfunction onCatChange() {\n\t\tif ( dropdown.options[ dropdown.selectedIndex ].value > 0 ) {\n\t\t\tdropdown.parentNode.submit();\n\t\t}\n\t}\n\tdropdown.onchange = onCatChange;\n})();\n<\/script>\n\t\t<\/div>\n\t\t\t\t<\/div>\n\t\t\t\t\t<\/div>\n\t\t<\/div>\n\t\t\t\t\t<\/div>\n\t\t<\/section>\n\t\t\t\t<\/div>\n\t\t","protected":false},"excerpt":{"rendered":"<p>Blog Blog<\/p>\n","protected":false},"author":1,"featured_media":0,"parent":0,"menu_order":0,"comment_status":"closed","ping_status":"closed","template":"","meta":{"footnotes":"","_joinchat":[]},"_links":{"self":[{"href":"https:\/\/tolkayme.org\/index.php\/wp-json\/wp\/v2\/pages\/58"}],"collection":[{"href":"https:\/\/tolkayme.org\/index.php\/wp-json\/wp\/v2\/pages"}],"about":[{"href":"https:\/\/tolkayme.org\/index.php\/wp-json\/wp\/v2\/types\/page"}],"author":[{"embeddable":true,"href":"https:\/\/tolkayme.org\/index.php\/wp-json\/wp\/v2\/users\/1"}],"replies":[{"embeddable":true,"href":"https:\/\/tolkayme.org\/index.php\/wp-json\/wp\/v2\/comments?post=58"}],"version-history":[{"count":122,"href":"https:\/\/tolkayme.org\/index.php\/wp-json\/wp\/v2\/pages\/58\/revisions"}],"predecessor-version":[{"id":1548,"href":"https:\/\/tolkayme.org\/index.php\/wp-json\/wp\/v2\/pages\/58\/revisions\/1548"}],"wp:attachment":[{"href":"https:\/\/tolkayme.org\/index.php\/wp-json\/wp\/v2\/media?parent=58"}],"curies":[{"name":"wp","href":"https:\/\/api.w.org\/{rel}","templated":true}]}}